{"id":516,"date":"2023-11-22T16:14:36","date_gmt":"2023-11-22T16:14:36","guid":{"rendered":"https:\/\/aio-dispatch.com\/?page_id=516"},"modified":"2023-11-29T17:59:25","modified_gmt":"2023-11-29T17:59:25","slug":"modules-voice-and-message","status":"publish","type":"page","link":"https:\/\/aio-dispatch.com\/de\/modules-voice-and-message\/","title":{"rendered":"Voice and Message"},"content":{"rendered":"<p>[et_pb_section fb_built=&#8220;1&#8243; _builder_version=&#8220;4.23.1&#8243; _module_preset=&#8220;default&#8220; global_colors_info=&#8220;{}&#8220;][et_pb_row column_structure=&#8220;2_5,3_5&#8243; _builder_version=&#8220;4.23.1&#8243; _module_preset=&#8220;default&#8220; global_colors_info=&#8220;{}&#8220;][et_pb_column type=&#8220;2_5&#8243; _builder_version=&#8220;4.23.1&#8243; _module_preset=&#8220;default&#8220; global_colors_info=&#8220;{}&#8220;][et_pb_text _builder_version=&#8220;4.23.1&#8243; _module_preset=&#8220;default&#8220; header_font=&#8220;|||on|||||&#8220; header_font_size=&#8220;36px&#8220; header_2_font=&#8220;|||on|||||&#8220; header_2_text_color=&#8220;#ef8f43&#8243; header_2_font_size=&#8220;30px&#8220; locked=&#8220;off&#8220; global_colors_info=&#8220;{}&#8220;]<\/p>\n<h1>AIO-Core Modul<\/h1>\n<h2><strong>Voice + Message<\/strong><\/h2>\n<p>[\/et_pb_text][\/et_pb_column][et_pb_column type=&#8220;3_5&#8243; _builder_version=&#8220;4.23.1&#8243; _module_preset=&#8220;default&#8220; global_colors_info=&#8220;{}&#8220;][et_pb_text _builder_version=&#8220;4.23.1&#8243; _module_preset=&#8220;default&#8220; custom_margin=&#8220;80px||||false|false&#8220; custom_margin_tablet=&#8220;0px||||false|false&#8220; custom_margin_phone=&#8220;0px||||false|false&#8220; custom_margin_last_edited=&#8220;on|phone&#8220; custom_padding=&#8220;0px||||false|false&#8220; locked=&#8220;off&#8220; global_colors_info=&#8220;{}&#8220;]<\/p>\n<p style=\"text-align: justify;\">Analog zu einem Funksystem kann das AIO-Dispatch System aus mehreren verschiedenen AIO-Dispatch Kan\u00e4len bestehen. Ein AIO-Dispatch Kanal stellt eine Funkressource da. Die entweder autark betrieben oder mit einem bestehenden PMR Funkkanal gekoppelt\/integriert werden kann. In jeden AIO-Dispatch Kanal ist eine AIO-Serverkomponente (AIO-IP-Gateway) enthalten, die f\u00fcr das Ruf- und Nachrichtenmanagement verantwortlich ist.<\/p>\n<p style=\"text-align: justify;\">Anhand des V+M AIO-Core Moduls k\u00f6nnen die Benutzer in den AIO-Endger\u00e4ten mit den AIO-Dispatch Kan\u00e4len interagieren. Wenn mehrere Funkressourcen\/AIO-Dispatch Kan\u00e4le in einem Endger\u00e4t genutzt werden sollen, m\u00fcssen entsprechend viel V+M AIO-Core Module einem Endger\u00e4t zugeordnet werden.<\/p>\n<p>[\/et_pb_text][\/et_pb_column][\/et_pb_row][\/et_pb_section][et_pb_section fb_built=&#8220;1&#8243; _builder_version=&#8220;4.23.1&#8243; _module_preset=&#8220;default&#8220; background_color=&#8220;#f4f4f4&#8243; hover_enabled=&#8220;0&#8243; global_colors_info=&#8220;{}&#8220; sticky_enabled=&#8220;0&#8243;][et_pb_row column_structure=&#8220;2_5,3_5&#8243; _builder_version=&#8220;4.23.1&#8243; _module_preset=&#8220;default&#8220; custom_margin=&#8220;-50px||||false|false&#8220; global_colors_info=&#8220;{}&#8220;][et_pb_column type=&#8220;2_5&#8243; _builder_version=&#8220;4.23.1&#8243; _module_preset=&#8220;default&#8220; global_colors_info=&#8220;{}&#8220;][et_pb_text _builder_version=&#8220;4.23.1&#8243; _module_preset=&#8220;default&#8220; text_orientation=&#8220;justified&#8220; custom_padding=&#8220;30px||||false|false&#8220; locked=&#8220;off&#8220; global_colors_info=&#8220;{}&#8220;]<\/p>\n<p style=\"text-align: justify;\">Das AIO-Dispatch System ist ein gro\u00dfer Baukasten, mit dem sich kleinere System entwerfen lassen. Aber auch landesweite L\u00f6sungen k\u00f6nnen nach Kundenspezifikation realisiert werden.<\/p>\n<p style=\"text-align: justify;\">Ein gro\u00dfes Plus des AIO-Dispatch Systems ist die effektive Ressourenverteilung. AIO-Dispatch Kan\u00e4le k\u00f6nnen von mehreren AIO-Endger\u00e4ten geteilt werden. Daraus folgt ein einziger PMR Zugangspunkt f\u00fcr mehrere AIO-Endger\u00e4te.<\/p>\n<p>[\/et_pb_text][\/et_pb_column][et_pb_column type=&#8220;3_5&#8243; _builder_version=&#8220;4.23.1&#8243; _module_preset=&#8220;default&#8220; global_colors_info=&#8220;{}&#8220;][et_pb_image src=&#8220;https:\/\/aio-dispatch.com\/wp-content\/uploads\/2023\/11\/AIO-Dispatch-Kanael-und-VM-1.png&#8220; title_text=&#8220;AIO-Dispatch Kan\u00e4l und V+M&#8220; _builder_version=&#8220;4.23.1&#8243; _module_preset=&#8220;default&#8220; locked=&#8220;off&#8220; global_colors_info=&#8220;{}&#8220;][\/et_pb_image][\/et_pb_column][\/et_pb_row][\/et_pb_section][et_pb_section fb_built=&#8220;1&#8243; specialty=&#8220;on&#8220; _builder_version=&#8220;4.23.1&#8243; _module_preset=&#8220;default&#8220; custom_padding=&#8220;30px||||false|false&#8220; global_colors_info=&#8220;{}&#8220;][et_pb_column type=&#8220;1_3&#8243; _builder_version=&#8220;4.16&#8243; custom_padding=&#8220;|||&#8220; global_colors_info=&#8220;{}&#8220; custom_padding__hover=&#8220;|||&#8220;][et_pb_text _builder_version=&#8220;4.23.1&#8243; _module_preset=&#8220;default&#8220; header_font=&#8220;|||on|||||&#8220; header_font_size=&#8220;36px&#8220; header_2_font=&#8220;|600||on|||||&#8220; header_2_text_color=&#8220;#ef8f43&#8243; header_2_font_size=&#8220;30px&#8220; hover_enabled=&#8220;0&#8243; global_colors_info=&#8220;{}&#8220; sticky_enabled=&#8220;0&#8243;]<\/p>\n<h3>Maximale<\/h3>\n<h2>V+M Module<\/h2>\n<h3>pro AIO-Endger\u00e4t<\/h3>\n<p>[\/et_pb_text][\/et_pb_column][et_pb_column type=&#8220;2_3&#8243; specialty_columns=&#8220;2&#8243; _builder_version=&#8220;4.16&#8243; custom_padding=&#8220;|||&#8220; global_colors_info=&#8220;{}&#8220; custom_padding__hover=&#8220;|||&#8220;][et_pb_row_inner _builder_version=&#8220;4.23.1&#8243; _module_preset=&#8220;default&#8220; custom_margin=&#8220;80px||||false|false&#8220; custom_margin_tablet=&#8220;0px||||false|false&#8220; custom_margin_phone=&#8220;0px||||false|false&#8220; custom_margin_last_edited=&#8220;on|phone&#8220; hover_enabled=&#8220;0&#8243; global_colors_info=&#8220;{}&#8220; sticky_enabled=&#8220;0&#8243;][et_pb_column_inner saved_specialty_column_type=&#8220;1_2&#8243; _builder_version=&#8220;4.23.1&#8243; _module_preset=&#8220;default&#8220; global_colors_info=&#8220;{}&#8220;][et_pb_text _builder_version=&#8220;4.23.1&#8243; _module_preset=&#8220;default&#8220; custom_margin=&#8220;0px||||false|false&#8220; custom_margin_tablet=&#8220;0px||||false|false&#8220; custom_margin_phone=&#8220;0px||||false|false&#8220; custom_margin_last_edited=&#8220;on|desktop&#8220; custom_padding=&#8220;0px||||false|false&#8220; locked=&#8220;off&#8220; global_colors_info=&#8220;{}&#8220;]<\/p>\n<p style=\"text-align: justify;\">Um mehrere Funkressourcen\/AIO-Dispatch Kan\u00e4le im AIO-Endger\u00e4t nutzen zu k\u00f6nnen, m\u00fcssen im AIO-Endger\u00e4t mehrere V+M Module zugeordnet werden. Es k\u00f6nnen aber nicht beliebig viele V+M AIO-Core Module einem Endger\u00e4t zu geordnet werden.<\/p>\n<p>[\/et_pb_text][et_pb_code _builder_version=&#8220;4.23.1&#8243; _module_preset=&#8220;default&#8220; locked=&#8220;off&#8220; global_colors_info=&#8220;{}&#8220;]\n<table id=\"tablepress-3\" class=\"tablepress tablepress-id-3 my-class-aio-core-modules-table\">\n<thead>\n<tr class=\"row-1\">\n\t<th class=\"column-1\">AIO Endger\u00e4te<\/th><th class=\"column-2\">Max. V+M Module<\/th>\n<\/tr>\n<\/thead>\n<tbody class=\"row-striping row-hover\">\n<tr class=\"row-2\">\n\t<td class=\"column-1\">AIO Desktop<\/td><td class=\"column-2\">16<\/td>\n<\/tr>\n<tr class=\"row-3\">\n\t<td class=\"column-1\">AIO Console<\/td><td class=\"column-2\">8\/4<\/td>\n<\/tr>\n<tr class=\"row-4\">\n\t<td class=\"column-1\">AIO App<\/td><td class=\"column-2\">1<\/td>\n<\/tr>\n<tr class=\"row-5\">\n\t<td class=\"column-1\">AIO PoC<\/td><td class=\"column-2\">1<\/td>\n<\/tr>\n<\/tbody>\n<\/table>\n<!-- #tablepress-3 from cache -->[\/et_pb_code][\/et_pb_column_inner][\/et_pb_row_inner][\/et_pb_column][\/et_pb_section][et_pb_section fb_built=&#8220;1&#8243; specialty=&#8220;on&#8220; _builder_version=&#8220;4.23.1&#8243; _module_preset=&#8220;default&#8220; background_color=&#8220;#f4f4f4&#8243; custom_padding=&#8220;30px||||false|false&#8220; global_colors_info=&#8220;{}&#8220;][et_pb_column type=&#8220;1_3&#8243; _builder_version=&#8220;4.16&#8243; custom_padding=&#8220;|||&#8220; global_colors_info=&#8220;{}&#8220; custom_padding__hover=&#8220;|||&#8220;][et_pb_text _builder_version=&#8220;4.23.1&#8243; _module_preset=&#8220;default&#8220; header_font=&#8220;|||on|||||&#8220; header_font_size=&#8220;36px&#8220; header_2_font=&#8220;|600||on|||||&#8220; header_2_text_color=&#8220;#ef8f43&#8243; header_2_font_size=&#8220;30px&#8220; global_colors_info=&#8220;{}&#8220;]<\/p>\n<h3>Verf\u00fcgbare<\/h3>\n<h2>Rufarten<\/h2>\n<h3>im AIO-Dispatch Kanal<\/h3>\n<p>[\/et_pb_text][\/et_pb_column][et_pb_column type=&#8220;2_3&#8243; specialty_columns=&#8220;2&#8243; _builder_version=&#8220;4.16&#8243; custom_padding=&#8220;|||&#8220; global_colors_info=&#8220;{}&#8220; custom_padding__hover=&#8220;|||&#8220;][et_pb_row_inner column_structure=&#8220;1_2,1_2&#8243; use_custom_gutter=&#8220;on&#8220; gutter_width=&#8220;1&#8243; _builder_version=&#8220;4.23.1&#8243; _module_preset=&#8220;default&#8220; custom_margin=&#8220;80px||||false|false&#8220; custom_margin_tablet=&#8220;0px||||false|false&#8220; custom_margin_phone=&#8220;0px||||false|false&#8220; custom_margin_last_edited=&#8220;on|phone&#8220; custom_padding=&#8220;0px|0px|0px|0px|false|false&#8220; box_shadow_style=&#8220;preset1&#8243; box_shadow_vertical=&#8220;10px&#8220; box_shadow_blur=&#8220;60px&#8220; global_colors_info=&#8220;{}&#8220;][et_pb_column_inner type=&#8220;1_2&#8243; saved_specialty_column_type=&#8220;2_3&#8243; _builder_version=&#8220;4.23.1&#8243; _module_preset=&#8220;default&#8220; global_colors_info=&#8220;{}&#8220;][et_pb_blurb title=&#8220;Gruppenruf&#8220; image=&#8220;https:\/\/aio-dispatch.com\/wp-content\/uploads\/2023\/11\/users3.png&#8220; icon_placement=&#8220;left&#8220; image_icon_width=&#8220;64px&#8220; _builder_version=&#8220;4.23.1&#8243; _module_preset=&#8220;default&#8220; header_font=&#8220;|700||on|||||&#8220; min_height=&#8220;205px&#8220; custom_padding=&#8220;30px|30px|30px|30px|false|false&#8220; box_shadow_style=&#8220;preset7&#8243; box_shadow_horizontal=&#8220;-1px&#8220; box_shadow_vertical=&#8220;-1px&#8220; global_colors_info=&#8220;{}&#8220;]<\/p>\n<p>&nbsp;<\/p>\n<p>TETRA<\/p>\n<p>DMR<\/p>\n<p>LTE<\/p>\n<p>[\/et_pb_blurb][et_pb_blurb title=&#8220;Notruf&#8220; image=&#8220;https:\/\/aio-dispatch.com\/wp-content\/uploads\/2023\/11\/users3.png&#8220; icon_placement=&#8220;left&#8220; image_icon_width=&#8220;64px&#8220; _builder_version=&#8220;4.23.1&#8243; _module_preset=&#8220;default&#8220; header_font=&#8220;|700||on|||||&#8220; min_height=&#8220;205px&#8220; custom_padding=&#8220;30px|30px|30px|30px|false|false&#8220; box_shadow_style=&#8220;preset7&#8243; box_shadow_horizontal=&#8220;-1px&#8220; box_shadow_vertical=&#8220;-1px&#8220; global_colors_info=&#8220;{}&#8220;]<\/p>\n<p>&nbsp;<\/p>\n<p>TETRA<\/p>\n<p>DMR<\/p>\n<p>[\/et_pb_blurb][et_pb_blurb title=&#8220;Rufdurchsage&#8220; image=&#8220;https:\/\/aio-dispatch.com\/wp-content\/uploads\/2023\/11\/users3.png&#8220; icon_placement=&#8220;left&#8220; image_icon_width=&#8220;64px&#8220; _builder_version=&#8220;4.23.1&#8243; _module_preset=&#8220;default&#8220; header_font=&#8220;|700||on|||||&#8220; min_height=&#8220;205px&#8220; custom_padding=&#8220;30px|30px|30px|30px|false|false&#8220; box_shadow_style=&#8220;preset7&#8243; box_shadow_horizontal=&#8220;-1px&#8220; box_shadow_vertical=&#8220;-1px&#8220; global_colors_info=&#8220;{}&#8220;]<\/p>\n<p>&nbsp;<\/p>\n<p>TETRA<\/p>\n<p>DMR<\/p>\n<p>[\/et_pb_blurb][\/et_pb_column_inner][et_pb_column_inner type=&#8220;1_2&#8243; saved_specialty_column_type=&#8220;2_3&#8243; _builder_version=&#8220;4.23.1&#8243; _module_preset=&#8220;default&#8220; global_colors_info=&#8220;{}&#8220;][et_pb_blurb title=&#8220;Einzelruf&#8220; image=&#8220;https:\/\/aio-dispatch.com\/wp-content\/uploads\/2023\/11\/user.png&#8220; icon_placement=&#8220;left&#8220; image_icon_width=&#8220;64px&#8220; _builder_version=&#8220;4.23.1&#8243; _module_preset=&#8220;default&#8220; header_font=&#8220;|700||on|||||&#8220; min_height=&#8220;205px&#8220; custom_padding=&#8220;30px|30px|30px|30px|false|false&#8220; box_shadow_style=&#8220;preset7&#8243; box_shadow_horizontal=&#8220;-1px&#8220; box_shadow_vertical=&#8220;-1px&#8220; locked=&#8220;off&#8220; global_colors_info=&#8220;{}&#8220;]<\/p>\n<p>&nbsp;<\/p>\n<p>TETR<\/p>\n<p>DMR<\/p>\n<p>SIP<\/p>\n<p>[\/et_pb_blurb][et_pb_blurb title=&#8220;Priorit\u00e4tsruf&#8220; image=&#8220;https:\/\/aio-dispatch.com\/wp-content\/uploads\/2023\/11\/user.png&#8220; icon_placement=&#8220;left&#8220; image_icon_width=&#8220;64px&#8220; _builder_version=&#8220;4.23.1&#8243; _module_preset=&#8220;default&#8220; header_font=&#8220;|700||on|||||&#8220; min_height=&#8220;205px&#8220; custom_padding=&#8220;30px|30px|30px|30px|false|false&#8220; box_shadow_style=&#8220;preset7&#8243; box_shadow_horizontal=&#8220;-1px&#8220; box_shadow_vertical=&#8220;-1px&#8220; locked=&#8220;off&#8220; global_colors_info=&#8220;{}&#8220;]<\/p>\n<p>&nbsp;<\/p>\n<p>TETRA<\/p>\n<p>DMR<\/p>\n<p>[\/et_pb_blurb][et_pb_blurb title=&#8220;All Call&#8220; image=&#8220;https:\/\/aio-dispatch.com\/wp-content\/uploads\/2023\/11\/user.png&#8220; icon_placement=&#8220;left&#8220; image_icon_width=&#8220;64px&#8220; _builder_version=&#8220;4.23.1&#8243; _module_preset=&#8220;default&#8220; header_font=&#8220;|700||on|||||&#8220; min_height=&#8220;205px&#8220; custom_padding=&#8220;30px|30px|30px|30px|false|false&#8220; box_shadow_style=&#8220;preset7&#8243; box_shadow_horizontal=&#8220;-1px&#8220; box_shadow_vertical=&#8220;-1px&#8220; locked=&#8220;off&#8220; global_colors_info=&#8220;{}&#8220;]<\/p>\n<p>&nbsp;<\/p>\n<p>DMR<\/p>\n<p>[\/et_pb_blurb][\/et_pb_column_inner][\/et_pb_row_inner][\/et_pb_column][\/et_pb_section][et_pb_section fb_built=&#8220;1&#8243; specialty=&#8220;on&#8220; _builder_version=&#8220;4.23.1&#8243; _module_preset=&#8220;default&#8220; background_enable_color=&#8220;off&#8220; global_colors_info=&#8220;{}&#8220;][et_pb_column type=&#8220;1_3&#8243; _builder_version=&#8220;4.16&#8243; custom_padding=&#8220;|||&#8220; global_colors_info=&#8220;{}&#8220; custom_padding__hover=&#8220;|||&#8220;][et_pb_text _builder_version=&#8220;4.23.1&#8243; _module_preset=&#8220;default&#8220; header_font=&#8220;|||on|||||&#8220; header_font_size=&#8220;36px&#8220; header_2_font=&#8220;|600||on|||||&#8220; header_2_text_color=&#8220;#ef8f43&#8243; header_2_font_size=&#8220;30px&#8220; global_colors_info=&#8220;{}&#8220;]<\/p>\n<h3>Verf\u00fcgbare<\/h3>\n<h2>Nachrichten<\/h2>\n<h3>im AIO-Dispatch Kanal<\/h3>\n<p>[\/et_pb_text][\/et_pb_column][et_pb_column type=&#8220;2_3&#8243; specialty_columns=&#8220;2&#8243; _builder_version=&#8220;4.16&#8243; custom_padding=&#8220;|||&#8220; global_colors_info=&#8220;{}&#8220; custom_padding__hover=&#8220;|||&#8220;][et_pb_row_inner column_structure=&#8220;1_2,1_2&#8243; use_custom_gutter=&#8220;on&#8220; gutter_width=&#8220;1&#8243; _builder_version=&#8220;4.23.1&#8243; _module_preset=&#8220;default&#8220; custom_margin=&#8220;80px||||false|false&#8220; custom_margin_tablet=&#8220;0px||||false|false&#8220; custom_margin_phone=&#8220;0px||||false|false&#8220; custom_margin_last_edited=&#8220;on|desktop&#8220; custom_padding=&#8220;0px|0px|0px|0px|false|false&#8220; box_shadow_style=&#8220;preset1&#8243; locked=&#8220;off&#8220; global_colors_info=&#8220;{}&#8220;][et_pb_column_inner type=&#8220;1_2&#8243; saved_specialty_column_type=&#8220;2_3&#8243; _builder_version=&#8220;4.23.1&#8243; _module_preset=&#8220;default&#8220; global_colors_info=&#8220;{}&#8220;][et_pb_blurb title=&#8220;Text (Gruppe)&#8220; image=&#8220;https:\/\/aio-dispatch.com\/wp-content\/uploads\/2023\/11\/users3.png&#8220; icon_placement=&#8220;left&#8220; image_icon_width=&#8220;64px&#8220; _builder_version=&#8220;4.23.1&#8243; _module_preset=&#8220;default&#8220; header_font=&#8220;|700||on|||||&#8220; background_enable_color=&#8220;off&#8220; min_height=&#8220;205px&#8220; custom_padding=&#8220;30px|30px|30px|30px|false|false&#8220; box_shadow_style=&#8220;preset7&#8243; box_shadow_horizontal=&#8220;-1px&#8220; box_shadow_vertical=&#8220;-1px&#8220; global_colors_info=&#8220;{}&#8220;]<\/p>\n<p>&nbsp;<\/p>\n<p>TETRA<\/p>\n<p>DMR<\/p>\n<p>LTE<\/p>\n<p>[\/et_pb_blurb][et_pb_blurb title=&#8220;Status (Gruppe)&#8220; image=&#8220;https:\/\/aio-dispatch.com\/wp-content\/uploads\/2023\/11\/users3.png&#8220; icon_placement=&#8220;left&#8220; image_icon_width=&#8220;64px&#8220; _builder_version=&#8220;4.23.1&#8243; _module_preset=&#8220;default&#8220; header_font=&#8220;|700||on|||||&#8220; background_enable_color=&#8220;off&#8220; min_height=&#8220;205px&#8220; custom_padding=&#8220;30px|30px|30px|30px|false|false&#8220; box_shadow_style=&#8220;preset7&#8243; box_shadow_horizontal=&#8220;-1px&#8220; box_shadow_vertical=&#8220;-1px&#8220; global_colors_info=&#8220;{}&#8220;]<\/p>\n<p>&nbsp;<\/p>\n<p>TETRA<\/p>\n<p>DMR<\/p>\n<p>LTE<\/p>\n<p>[\/et_pb_blurb][\/et_pb_column_inner][et_pb_column_inner type=&#8220;1_2&#8243; saved_specialty_column_type=&#8220;2_3&#8243; _builder_version=&#8220;4.23.1&#8243; _module_preset=&#8220;default&#8220; global_colors_info=&#8220;{}&#8220;][et_pb_blurb title=&#8220;Text (Privat)&#8220; image=&#8220;https:\/\/aio-dispatch.com\/wp-content\/uploads\/2023\/11\/user.png&#8220; icon_placement=&#8220;left&#8220; image_icon_width=&#8220;64px&#8220; _builder_version=&#8220;4.23.1&#8243; _module_preset=&#8220;default&#8220; header_font=&#8220;|700||on|||||&#8220; background_enable_color=&#8220;off&#8220; min_height=&#8220;205px&#8220; custom_padding=&#8220;30px|30px|30px|30px|false|false&#8220; box_shadow_style=&#8220;preset7&#8243; box_shadow_horizontal=&#8220;-1px&#8220; box_shadow_vertical=&#8220;-1px&#8220; locked=&#8220;off&#8220; global_colors_info=&#8220;{}&#8220;]<\/p>\n<p>&nbsp;<\/p>\n<p>TETR<\/p>\n<p>DMR<\/p>\n<p>LTE<\/p>\n<p>[\/et_pb_blurb][et_pb_blurb title=&#8220;Status (Privat)&#8220; image=&#8220;https:\/\/aio-dispatch.com\/wp-content\/uploads\/2023\/11\/user.png&#8220; icon_placement=&#8220;left&#8220; image_icon_width=&#8220;64px&#8220; _builder_version=&#8220;4.23.1&#8243; _module_preset=&#8220;default&#8220; header_font=&#8220;|700||on|||||&#8220; background_enable_color=&#8220;off&#8220; min_height=&#8220;205px&#8220; custom_padding=&#8220;30px|30px|30px|30px|false|false&#8220; box_shadow_style=&#8220;preset7&#8243; box_shadow_horizontal=&#8220;-1px&#8220; box_shadow_vertical=&#8220;-1px&#8220; locked=&#8220;off&#8220; global_colors_info=&#8220;{}&#8220;]<\/p>\n<p>&nbsp;<\/p>\n<p>TETRA<\/p>\n<p>DMR<\/p>\n<p>\u00a0LTE<\/p>\n<p>[\/et_pb_blurb][\/et_pb_column_inner][\/et_pb_row_inner][\/et_pb_column][\/et_pb_section]<\/p>\n","protected":false},"excerpt":{"rendered":"<p>AIO-Core Modul Voice + MessageAnalog zu einem Funksystem kann das AIO-Dispatch System aus mehreren verschiedenen AIO-Dispatch Kan\u00e4len bestehen. Ein AIO-Dispatch Kanal stellt eine Funkressource da. Die entweder autark betrieben oder mit einem bestehenden PMR Funkkanal gekoppelt\/integriert werden kann. In jeden AIO-Dispatch Kanal ist eine AIO-Serverkomponente (AIO-IP-Gateway) enthalten, die f\u00fcr das Ruf- und Nachrichtenmanagement verantwortlich ist. [&hellip;]<\/p>\n","protected":false},"author":3,"featured_media":0,"parent":0,"menu_order":0,"comment_status":"closed","ping_status":"closed","template":"","meta":{"_acf_changed":false,"_et_pb_use_builder":"on","_et_pb_old_content":"","_et_gb_content_width":"","footnotes":""},"acf":[],"_links":{"self":[{"href":"https:\/\/aio-dispatch.com\/de\/wp-json\/wp\/v2\/pages\/516"}],"collection":[{"href":"https:\/\/aio-dispatch.com\/de\/wp-json\/wp\/v2\/pages"}],"about":[{"href":"https:\/\/aio-dispatch.com\/de\/wp-json\/wp\/v2\/types\/page"}],"author":[{"embeddable":true,"href":"https:\/\/aio-dispatch.com\/de\/wp-json\/wp\/v2\/users\/3"}],"replies":[{"embeddable":true,"href":"https:\/\/aio-dispatch.com\/de\/wp-json\/wp\/v2\/comments?post=516"}],"version-history":[{"count":50,"href":"https:\/\/aio-dispatch.com\/de\/wp-json\/wp\/v2\/pages\/516\/revisions"}],"predecessor-version":[{"id":835,"href":"https:\/\/aio-dispatch.com\/de\/wp-json\/wp\/v2\/pages\/516\/revisions\/835"}],"wp:attachment":[{"href":"https:\/\/aio-dispatch.com\/de\/wp-json\/wp\/v2\/media?parent=516"}],"curies":[{"name":"wp","href":"https:\/\/api.w.org\/{rel}","templated":true}]}}