{"id":597,"date":"2023-11-28T09:22:41","date_gmt":"2023-11-28T09:22:41","guid":{"rendered":"https:\/\/aio-dispatch.com\/?page_id=597"},"modified":"2023-11-29T17:58:43","modified_gmt":"2023-11-29T17:58:43","slug":"modules-location","status":"publish","type":"page","link":"https:\/\/aio-dispatch.com\/de\/modules-location\/","title":{"rendered":"Ortung"},"content":{"rendered":"<p>[et_pb_section fb_built=&#8220;1&#8243; _builder_version=&#8220;4.23.1&#8243; _module_preset=&#8220;default&#8220; global_colors_info=&#8220;{}&#8220;][et_pb_row column_structure=&#8220;2_5,3_5&#8243; _builder_version=&#8220;4.23.1&#8243; _module_preset=&#8220;default&#8220; locked=&#8220;off&#8220; global_colors_info=&#8220;{}&#8220;][et_pb_column type=&#8220;2_5&#8243; _builder_version=&#8220;4.23.1&#8243; _module_preset=&#8220;default&#8220; global_colors_info=&#8220;{}&#8220;][et_pb_text _builder_version=&#8220;4.23.1&#8243; _module_preset=&#8220;default&#8220; header_font=&#8220;|||on|||||&#8220; header_font_size=&#8220;36px&#8220; header_2_font=&#8220;|||on|||||&#8220; header_2_text_color=&#8220;#ef8f43&#8243; header_2_font_size=&#8220;30px&#8220; global_colors_info=&#8220;{}&#8220;]<\/p>\n<h1>AIO-Core Modul<\/h1>\n<h2><strong>Ortung<\/strong><\/h2>\n<p>[\/et_pb_text][\/et_pb_column][et_pb_column type=&#8220;3_5&#8243; _builder_version=&#8220;4.23.1&#8243; _module_preset=&#8220;default&#8220; global_colors_info=&#8220;{}&#8220;][et_pb_text _builder_version=&#8220;4.23.1&#8243; _module_preset=&#8220;default&#8220; text_font_size=&#8220;18px&#8220; custom_padding=&#8220;80px||||false|false&#8220; global_colors_info=&#8220;{}&#8220;]<\/p>\n<p style=\"text-align: justify;\">Das Ortrungsmodul verwaltet alle empfangen Positionsmeldungen aus allen zur Verf\u00fcgung stehenden AIO-Dispatch Kan\u00e4len in einem AIO-Endger\u00e4t. Wie auch bei anderen AIO-Core Modulen kann das Ortungsmodul pro AIO-Endger\u00e4t lizensiert werden.<\/p>\n<p>[\/et_pb_text][\/et_pb_column][\/et_pb_row][\/et_pb_section][et_pb_section fb_built=&#8220;1&#8243; _builder_version=&#8220;4.23.1&#8243; _module_preset=&#8220;default&#8220; locked=&#8220;off&#8220; global_colors_info=&#8220;{}&#8220;][et_pb_row column_structure=&#8220;2_5,3_5&#8243; _builder_version=&#8220;4.23.1&#8243; _module_preset=&#8220;default&#8220; custom_margin=&#8220;-100px||||false|false&#8220; global_colors_info=&#8220;{}&#8220;][et_pb_column type=&#8220;2_5&#8243; _builder_version=&#8220;4.23.1&#8243; _module_preset=&#8220;default&#8220; global_colors_info=&#8220;{}&#8220;][et_pb_text _builder_version=&#8220;4.23.1&#8243; _module_preset=&#8220;default&#8220; text_font_size=&#8220;18px&#8220; text_orientation=&#8220;justified&#8220; custom_padding=&#8220;50px||||false|false&#8220; global_colors_info=&#8220;{}&#8220;]<\/p>\n<p style=\"text-align: justify;\">Das Ortungsmodul erh\u00f6ht die Sicherheit Ihrer Mitarbeiter. Die aktuellen Positionen der Mitarbeiter k\u00f6nnen im AIO-Endger\u00e4t visuell dargestellt werden. Im Notfall kann die genaue Position eines Mitarbeiters hilfreich sein.<\/p>\n<p style=\"text-align: justify;\">Durch die Einrichtung von Geonfence Zonen erhalten Sie einen weiteren Baustein, um die Sicherheit f\u00fcr Ihre Mitarbeiter zu erh\u00f6hen. Dar\u00fcber hinaus k\u00f6nnen Sie mit Hilfe der Zonen Ihrer Mitarbeiter koordinieren.<\/p>\n<p>[\/et_pb_text][\/et_pb_column][et_pb_column type=&#8220;3_5&#8243; _builder_version=&#8220;4.23.1&#8243; _module_preset=&#8220;default&#8220; global_colors_info=&#8220;{}&#8220;][et_pb_image src=&#8220;https:\/\/aio-dispatch.com\/wp-content\/uploads\/2023\/11\/AIO-Dispatch-Kanael-und-VM-1.png&#8220; title_text=&#8220;AIO-Dispatch Kan\u00e4l und V+M&#8220; _builder_version=&#8220;4.23.1&#8243; _module_preset=&#8220;default&#8220; global_colors_info=&#8220;{}&#8220;][\/et_pb_image][\/et_pb_column][\/et_pb_row][\/et_pb_section][et_pb_section fb_built=&#8220;1&#8243; theme_builder_area=&#8220;post_content&#8220; specialty=&#8220;on&#8220; _builder_version=&#8220;4.23.1&#8243; _module_preset=&#8220;default&#8220; background_color=&#8220;#f2f2f2&#8243; hover_enabled=&#8220;0&#8243; sticky_enabled=&#8220;0&#8243;][et_pb_column type=&#8220;1_4&#8243; theme_builder_area=&#8220;post_content&#8220;][et_pb_text _builder_version=&#8220;4.23.1&#8243; _module_preset=&#8220;default&#8220; theme_builder_area=&#8220;post_content&#8220; sticky_enabled=&#8220;0&#8243; header_font=&#8220;|||on|||||&#8220; header_font_size=&#8220;36px&#8220; header_2_font=&#8220;|600||on|||||&#8220; header_2_text_color=&#8220;#ef8f43&#8243; header_2_font_size=&#8220;30px&#8220; hover_enabled=&#8220;0&#8243;]<\/p>\n<h3>Ortung<\/h3>\n<h2>Merkmale<\/h2>\n<p>[\/et_pb_text][\/et_pb_column][et_pb_column type=&#8220;3_4&#8243; specialty_columns=&#8220;3&#8243; theme_builder_area=&#8220;post_content&#8220;][et_pb_row_inner _builder_version=&#8220;4.23.1&#8243; _module_preset=&#8220;default&#8220; column_structure=&#8220;1_3,1_3,1_3&#8243; theme_builder_area=&#8220;post_content&#8220; locked=&#8220;off&#8220; custom_margin=&#8220;80px||||false|false&#8220; custom_margin_last_edited=&#8220;on|tablet&#8220; hover_enabled=&#8220;0&#8243; sticky_enabled=&#8220;0&#8243; custom_margin_tablet=&#8220;0px||||false|false&#8220; custom_margin_phone=&#8220;0px||||false|false&#8220;][et_pb_column_inner _builder_version=&#8220;4.23.1&#8243; _module_preset=&#8220;default&#8220; type=&#8220;1_3&#8243; theme_builder_area=&#8220;post_content&#8220; saved_specialty_column_type=&#8220;3_4&#8243;][et_pb_text _builder_version=&#8220;4.23.1&#8243; _module_preset=&#8220;default&#8220; theme_builder_area=&#8220;post_content&#8220; text_orientation=&#8220;right&#8220; hover_enabled=&#8220;0&#8243; sticky_enabled=&#8220;0&#8243;]<\/p>\n<h3>Endger\u00e4te<\/h3>\n<p>Anzeige der Position ink. Status in einer Liste und auf der karte<\/p>\n<p>[\/et_pb_text][et_pb_text _builder_version=&#8220;4.23.1&#8243; _module_preset=&#8220;default&#8220; theme_builder_area=&#8220;post_content&#8220; text_orientation=&#8220;right&#8220; hover_enabled=&#8220;0&#8243; sticky_enabled=&#8220;0&#8243;]<\/p>\n<h3>Flotten<\/h3>\n<p>Darstellung der gesamten Flotte in der Karte<\/p>\n<p>[\/et_pb_text][et_pb_text _builder_version=&#8220;4.23.1&#8243; _module_preset=&#8220;default&#8220; theme_builder_area=&#8220;post_content&#8220; text_orientation=&#8220;right&#8220; hover_enabled=&#8220;0&#8243; sticky_enabled=&#8220;0&#8243;]<\/p>\n<h3>Anfrage<\/h3>\n<p>Manuelle Poistionsabfrage<\/p>\n<p>[\/et_pb_text][\/et_pb_column_inner][et_pb_column_inner _builder_version=&#8220;4.23.1&#8243; _module_preset=&#8220;default&#8220; type=&#8220;1_3&#8243; theme_builder_area=&#8220;post_content&#8220; saved_specialty_column_type=&#8220;3_4&#8243;][et_pb_image src=&#8220;https:\/\/aio-dispatch.com\/wp-content\/uploads\/2023\/11\/Dispatcher3.png&#8220; _builder_version=&#8220;4.23.1&#8243; _module_preset=&#8220;default&#8220; theme_builder_area=&#8220;post_content&#8220; hover_enabled=&#8220;0&#8243; sticky_enabled=&#8220;0&#8243; title_text=&#8220;Dispatcher3&#8243;][\/et_pb_image][\/et_pb_column_inner][et_pb_column_inner _builder_version=&#8220;4.23.1&#8243; _module_preset=&#8220;default&#8220; type=&#8220;1_3&#8243; theme_builder_area=&#8220;post_content&#8220; saved_specialty_column_type=&#8220;3_4&#8243;][et_pb_text _builder_version=&#8220;4.23.1&#8243; _module_preset=&#8220;default&#8220; theme_builder_area=&#8220;post_content&#8220; hover_enabled=&#8220;0&#8243; sticky_enabled=&#8220;0&#8243; locked=&#8220;off&#8220;]<\/p>\n<h3>Ausl\u00f6ser<\/h3>\n<p>Einstellen eines GPS\/LIP Triggers<\/p>\n<p>[\/et_pb_text][et_pb_text _builder_version=&#8220;4.23.1&#8243; _module_preset=&#8220;default&#8220; theme_builder_area=&#8220;post_content&#8220; hover_enabled=&#8220;0&#8243; sticky_enabled=&#8220;0&#8243; locked=&#8220;off&#8220;]<\/p>\n<h3>Sicherheit<\/h3>\n<p>Definieren von Geozonen<\/p>\n<p>[\/et_pb_text][et_pb_text _builder_version=&#8220;4.23.1&#8243; _module_preset=&#8220;default&#8220; theme_builder_area=&#8220;post_content&#8220; hover_enabled=&#8220;0&#8243; sticky_enabled=&#8220;0&#8243; locked=&#8220;off&#8220;]<\/p>\n<h3>POI&#8217;s<\/h3>\n<p>POI&#8217;s k\u00f6nnen in der Karte definiert werden<\/p>\n<p>[\/et_pb_text][et_pb_text _builder_version=&#8220;4.23.1&#8243; _module_preset=&#8220;default&#8220; theme_builder_area=&#8220;post_content&#8220; hover_enabled=&#8220;0&#8243; sticky_enabled=&#8220;0&#8243; locked=&#8220;off&#8220;]<\/p>\n<h3>Aufzeichnung<\/h3>\n<p>Darstellung von Bewegungsabl\u00e4ufen eines Endger\u00e4ts\/Teilnehmers in der Karte<\/p>\n<p>[\/et_pb_text][\/et_pb_column_inner][\/et_pb_row_inner][\/et_pb_column][\/et_pb_section]<\/p>\n","protected":false},"excerpt":{"rendered":"<p>AIO-Core Modul OrtungDas Ortrungsmodul verwaltet alle empfangen Positionsmeldungen aus allen zur Verf\u00fcgung stehenden AIO-Dispatch Kan\u00e4len in einem AIO-Endger\u00e4t. Wie auch bei anderen AIO-Core Modulen kann das Ortungsmodul pro AIO-Endger\u00e4t lizensiert werden.Das Ortungsmodul erh\u00f6ht die Sicherheit Ihrer Mitarbeiter. Die aktuellen Positionen der Mitarbeiter k\u00f6nnen im AIO-Endger\u00e4t visuell dargestellt werden. Im Notfall kann die genaue Position eines [&hellip;]<\/p>\n","protected":false},"author":3,"featured_media":0,"parent":0,"menu_order":0,"comment_status":"closed","ping_status":"closed","template":"","meta":{"_acf_changed":false,"_et_pb_use_builder":"on","_et_pb_old_content":"","_et_gb_content_width":"","footnotes":""},"acf":[],"_links":{"self":[{"href":"https:\/\/aio-dispatch.com\/de\/wp-json\/wp\/v2\/pages\/597"}],"collection":[{"href":"https:\/\/aio-dispatch.com\/de\/wp-json\/wp\/v2\/pages"}],"about":[{"href":"https:\/\/aio-dispatch.com\/de\/wp-json\/wp\/v2\/types\/page"}],"author":[{"embeddable":true,"href":"https:\/\/aio-dispatch.com\/de\/wp-json\/wp\/v2\/users\/3"}],"replies":[{"embeddable":true,"href":"https:\/\/aio-dispatch.com\/de\/wp-json\/wp\/v2\/comments?post=597"}],"version-history":[{"count":18,"href":"https:\/\/aio-dispatch.com\/de\/wp-json\/wp\/v2\/pages\/597\/revisions"}],"predecessor-version":[{"id":834,"href":"https:\/\/aio-dispatch.com\/de\/wp-json\/wp\/v2\/pages\/597\/revisions\/834"}],"wp:attachment":[{"href":"https:\/\/aio-dispatch.com\/de\/wp-json\/wp\/v2\/media?parent=597"}],"curies":[{"name":"wp","href":"https:\/\/api.w.org\/{rel}","templated":true}]}}